{"id":9042,"date":"2022-02-20T05:19:55","date_gmt":"2022-02-19T19:19:55","guid":{"rendered":"https:\/\/crmining.com\/?page_id=9042"},"modified":"2022-10-19T03:54:56","modified_gmt":"2022-10-18T17:54:56","slug":"estudos-de-caso","status":"publish","type":"page","link":"https:\/\/crmining.com\/pt-br\/estudos-de-caso\/","title":{"rendered":"Estudos de caso"},"content":{"rendered":"<div class=\"wpb-content-wrapper\"><p>[vc_row css=&#8221;.vc_custom_1645400605275{padding-top: 15% !important;padding-bottom: 15% !important;background-image: url(https:\/\/crmining.com\/wp-content\/uploads\/2022\/02\/Typographic-lines-1920&#215;760-1.jpg?id=591) !important;background-position: center !important;background-repeat: no-repeat !important;background-size: cover !important;}&#8221; el_class=&#8221;xt-grid xt-grid xt-white xt-title&#8221;][vc_column][vc_column_text]<\/p>\n<h1>Explore as hist\u00f3rias de sucesso de clientes<\/h1>\n<p>[\/vc_column_text][vc_column_text]Estamos orgulhosos dos resultados que alcan\u00e7amos para nossos clientes em termos de produtividade, manuten\u00e7\u00e3o e seguran\u00e7a.<\/p>\n<p>Navegue por nossos estudos de caso para se inspirar no que poder\u00edamos realizar juntos.[\/vc_column_text][vc_empty_space height=&#8221;30px&#8221;][\/vc_column][\/vc_row][vc_row el_class=&#8221;xt-grid xt-center&#8221; css=&#8221;.vc_custom_1645380745213{padding-bottom: 80px !important;background-color: #ededed !important;}&#8221;][vc_column][vc_column_text el_class=&#8221;xt-mw-800 xt-filter-block&#8221;]<form data-sf-form-id='9741' data-is-rtl='0' data-maintain-state='' data-results-url='https:\/\/crmining.com\/pt-br\/estudos-de-caso\/' data-ajax-url='https:\/\/crmining.com\/pt-br\/estudos-de-caso\/?sf_data=results' data-ajax-form-url='https:\/\/crmining.com\/pt-br\/?sfid=9741&amp;sf_action=get_data&amp;sf_data=form' data-display-result-method='custom' data-use-history-api='1' data-template-loaded='0' data-lang-code='pt-br' data-ajax='1' data-ajax-data-type='html' data-ajax-links-selector='.pagination a' data-ajax-target='.xt-results' data-ajax-pagination-type='normal' data-update-ajax-url='1' data-only-results-ajax='1' data-scroll-to-pos='0' data-init-paged='1' data-auto-update='1' action='https:\/\/crmining.com\/pt-br\/estudos-de-caso\/' method='post' class='searchandfilter' id='search-filter-form-9741' autocomplete='off' data-instance-count='1'><ul><li class=\"sf-field-taxonomy-case_studies_category\" data-sf-field-name=\"_sft_case_studies_category\" data-sf-field-type=\"taxonomy\" data-sf-field-input-type=\"select\">\t\t<label>\r\n\t\t\t\t<select name=\"_sft_case_studies_category[]\" class=\"sf-input-select\" title=\"\">\r\n\t\t\t\r\n\t\t\t\t\t\t<option class=\"sf-level-0 sf-item-0 sf-option-active\" selected=\"selected\" data-sf-count=\"0\" data-sf-depth=\"0\" value=\"\">TODAS AS CATEGORIAS<\/option>\r\n\t\t\t\t\t\t<option class=\"sf-level-0 sf-item-221\" data-sf-count=\"5\" data-sf-depth=\"0\" value=\"desgaste\">Desgaste<\/option>\r\n\t\t\t\t\t\t<option class=\"sf-level-0 sf-item-143\" data-sf-count=\"11\" data-sf-depth=\"0\" value=\"digital-pt-br\">Digital<\/option>\r\n\t\t\t\t\t\t<option class=\"sf-level-0 sf-item-121\" data-sf-count=\"5\" data-sf-depth=\"0\" value=\"dragline-pt-br\">Dragline<\/option>\r\n\t\t\t\t\t\t<option class=\"sf-level-0 sf-item-223\" data-sf-count=\"6\" data-sf-depth=\"0\" value=\"get-pt-br\">GET<\/option>\r\n\t\t\t\t\t\t<option class=\"sf-level-0 sf-item-219\" data-sf-count=\"15\" data-sf-depth=\"0\" value=\"labios\">L\u00e1bios<\/option>\r\n\t\t\t\t\t\t<option class=\"sf-level-0 sf-item-213\" data-sf-count=\"5\" data-sf-depth=\"0\" value=\"subterranea\">Subterr\u00e2nea<\/option>\r\n\t\t\t\t\t<\/select>\r\n\t\t<\/label>\t\t<\/li><li class=\"sf-field-search\" data-sf-field-name=\"search\" data-sf-field-type=\"search\" data-sf-field-input-type=\"\">\t\t<label><input placeholder=\"PROCURAR\" name=\"_sf_search[]\" class=\"sf-input-text\" type=\"text\" value=\"\" title=\"\"><\/label>\t\t<\/li><li class=\"sf-field-submit\" data-sf-field-name=\"submit\" data-sf-field-type=\"submit\" data-sf-field-input-type=\"\"><input type=\"submit\" name=\"_sf_submit\" value=\"Enviar\"><\/li><\/ul><\/form>[\/vc_column_text][vc_empty_space height=&#8221;30px&#8221;][\/vc_column][\/vc_row]<\/p>\n<\/div>","protected":false},"excerpt":{"rendered":"<p>Estamos orgulhosos dos resultados que alcan\u00e7amos para nossos clientes em termos de produtividade, manuten\u00e7\u00e3o e seguran\u00e7a.<\/p>\n","protected":false},"author":1,"featured_media":9220,"parent":0,"menu_order":0,"comment_status":"closed","ping_status":"closed","template":"page-case-study.php","meta":{"_acf_changed":false,"_relevanssi_hide_post":"","_relevanssi_hide_content":"","_relevanssi_pin_for_all":"","_relevanssi_pin_keywords":"","_relevanssi_unpin_keywords":"","_relevanssi_related_keywords":"","_relevanssi_related_include_ids":"","_relevanssi_related_exclude_ids":"","_relevanssi_related_no_append":"","_relevanssi_related_not_related":"","_relevanssi_related_posts":"","_relevanssi_noindex_reason":"","inline_featured_image":false,"footnotes":""},"class_list":{"0":"post-9042","1":"page","2":"type-page","3":"status-publish","4":"has-post-thumbnail","6":"no-featured-image-padding"},"acf":[],"yoast_head":"<!-- This site is optimized with the Yoast SEO plugin v26.9 - https:\/\/yoast.com\/product\/yoast-seo-wordpress\/ -->\n<title>Explore nossos estudos de caso | CR<\/title>\n<meta name=\"description\" content=\"Estamos orgulhosos dos resultados que alcan\u00e7amos para nossos clientes. Navegue por nossos estudos de caso para se inspirar no que poder\u00edamos alcan\u00e7ar juntos.\" \/>\n<meta name=\"robots\" content=\"index, follow, max-snippet:-1, max-image-preview:large, max-video-preview:-1\" \/>\n<link rel=\"canonical\" href=\"https:\/\/crmining.com\/pt-br\/estudos-de-caso\/\" \/>\n<meta property=\"og:locale\" content=\"pt_BR\" \/>\n<meta property=\"og:type\" content=\"article\" \/>\n<meta property=\"og:title\" content=\"Explore nossos estudos de caso | CR\" \/>\n<meta property=\"og:description\" content=\"Estamos orgulhosos dos resultados que alcan\u00e7amos para nossos clientes. Navegue por nossos estudos de caso para se inspirar no que poder\u00edamos alcan\u00e7ar juntos.\" \/>\n<meta property=\"og:url\" content=\"https:\/\/crmining.com\/pt-br\/estudos-de-caso\/\" \/>\n<meta property=\"og:site_name\" content=\"CR Mining\" \/>\n<meta property=\"article:publisher\" content=\"https:\/\/www.facebook.com\/CRMining\/\" \/>\n<meta property=\"article:modified_time\" content=\"2022-10-18T17:54:56+00:00\" \/>\n<meta property=\"og:image\" content=\"https:\/\/crmining.com\/wp-content\/uploads\/2022\/04\/Case-Studies-Featured-Image.jpg\" \/>\n\t<meta property=\"og:image:width\" content=\"1512\" \/>\n\t<meta property=\"og:image:height\" content=\"1060\" \/>\n\t<meta property=\"og:image:type\" content=\"image\/jpeg\" \/>\n<meta name=\"twitter:card\" content=\"summary_large_image\" \/>\n<meta name=\"twitter:site\" content=\"@CR_Mining\" \/>\n<meta name=\"twitter:label1\" content=\"Est. tempo de leitura\" \/>\n\t<meta name=\"twitter:data1\" content=\"1 minuto\" \/>\n<script type=\"application\/ld+json\" class=\"yoast-schema-graph\">{\"@context\":\"https:\/\/schema.org\",\"@graph\":[{\"@type\":\"WebPage\",\"@id\":\"https:\/\/crmining.com\/pt-br\/estudos-de-caso\/\",\"url\":\"https:\/\/crmining.com\/pt-br\/estudos-de-caso\/\",\"name\":\"Explore nossos estudos de caso | CR\",\"isPartOf\":{\"@id\":\"https:\/\/crmining.com\/#website\"},\"primaryImageOfPage\":{\"@id\":\"https:\/\/crmining.com\/pt-br\/estudos-de-caso\/#primaryimage\"},\"image\":{\"@id\":\"https:\/\/crmining.com\/pt-br\/estudos-de-caso\/#primaryimage\"},\"thumbnailUrl\":\"https:\/\/crmining.com\/wp-content\/uploads\/2022\/04\/Case-Studies-Featured-Image.jpg\",\"datePublished\":\"2022-02-19T19:19:55+00:00\",\"dateModified\":\"2022-10-18T17:54:56+00:00\",\"description\":\"Estamos orgulhosos dos resultados que alcan\u00e7amos para nossos clientes. Navegue por nossos estudos de caso para se inspirar no que poder\u00edamos alcan\u00e7ar juntos.\",\"breadcrumb\":{\"@id\":\"https:\/\/crmining.com\/pt-br\/estudos-de-caso\/#breadcrumb\"},\"inLanguage\":\"pt-BR\",\"potentialAction\":[{\"@type\":\"ReadAction\",\"target\":[\"https:\/\/crmining.com\/pt-br\/estudos-de-caso\/\"]}]},{\"@type\":\"ImageObject\",\"inLanguage\":\"pt-BR\",\"@id\":\"https:\/\/crmining.com\/pt-br\/estudos-de-caso\/#primaryimage\",\"url\":\"https:\/\/crmining.com\/wp-content\/uploads\/2022\/04\/Case-Studies-Featured-Image.jpg\",\"contentUrl\":\"https:\/\/crmining.com\/wp-content\/uploads\/2022\/04\/Case-Studies-Featured-Image.jpg\",\"width\":1512,\"height\":1060},{\"@type\":\"BreadcrumbList\",\"@id\":\"https:\/\/crmining.com\/pt-br\/estudos-de-caso\/#breadcrumb\",\"itemListElement\":[{\"@type\":\"ListItem\",\"position\":1,\"name\":\"Home\",\"item\":\"https:\/\/crmining.com\/pt-br\/\"},{\"@type\":\"ListItem\",\"position\":2,\"name\":\"Estudos de caso\"}]},{\"@type\":\"WebSite\",\"@id\":\"https:\/\/crmining.com\/#website\",\"url\":\"https:\/\/crmining.com\/\",\"name\":\"CR Powered by Epiroc\",\"description\":\"Mining by Numbers\",\"publisher\":{\"@id\":\"https:\/\/crmining.com\/#organization\"},\"potentialAction\":[{\"@type\":\"SearchAction\",\"target\":{\"@type\":\"EntryPoint\",\"urlTemplate\":\"https:\/\/crmining.com\/?s={search_term_string}\"},\"query-input\":{\"@type\":\"PropertyValueSpecification\",\"valueRequired\":true,\"valueName\":\"search_term_string\"}}],\"inLanguage\":\"pt-BR\"},{\"@type\":\"Organization\",\"@id\":\"https:\/\/crmining.com\/#organization\",\"name\":\"CR Powered by Epiroc\",\"url\":\"https:\/\/crmining.com\/\",\"logo\":{\"@type\":\"ImageObject\",\"inLanguage\":\"pt-BR\",\"@id\":\"https:\/\/crmining.com\/#\/schema\/logo\/image\/\",\"url\":\"https:\/\/crmining.com\/wp-content\/uploads\/2023\/04\/CR-Powered-by-Epiroc-Logo-Grey-300ppi-4.png\",\"contentUrl\":\"https:\/\/crmining.com\/wp-content\/uploads\/2023\/04\/CR-Powered-by-Epiroc-Logo-Grey-300ppi-4.png\",\"width\":2419,\"height\":570,\"caption\":\"CR Powered by Epiroc\"},\"image\":{\"@id\":\"https:\/\/crmining.com\/#\/schema\/logo\/image\/\"},\"sameAs\":[\"https:\/\/www.facebook.com\/CRMining\/\",\"https:\/\/x.com\/CR_Mining\",\"https:\/\/www.instagram.com\/cr_mining\/\",\"https:\/\/www.linkedin.com\/company\/cr\/\",\"https:\/\/www.youtube.com\/channel\/UCjfKJ30hOaUHjww9N-MgEMA\"]}]}<\/script>\n<!-- \/ Yoast SEO plugin. -->","yoast_head_json":{"title":"Explore nossos estudos de caso | CR","description":"Estamos orgulhosos dos resultados que alcan\u00e7amos para nossos clientes. Navegue por nossos estudos de caso para se inspirar no que poder\u00edamos alcan\u00e7ar juntos.","robots":{"index":"index","follow":"follow","max-snippet":"max-snippet:-1","max-image-preview":"max-image-preview:large","max-video-preview":"max-video-preview:-1"},"canonical":"https:\/\/crmining.com\/pt-br\/estudos-de-caso\/","og_locale":"pt_BR","og_type":"article","og_title":"Explore nossos estudos de caso | CR","og_description":"Estamos orgulhosos dos resultados que alcan\u00e7amos para nossos clientes. Navegue por nossos estudos de caso para se inspirar no que poder\u00edamos alcan\u00e7ar juntos.","og_url":"https:\/\/crmining.com\/pt-br\/estudos-de-caso\/","og_site_name":"CR Mining","article_publisher":"https:\/\/www.facebook.com\/CRMining\/","article_modified_time":"2022-10-18T17:54:56+00:00","og_image":[{"width":1512,"height":1060,"url":"https:\/\/crmining.com\/wp-content\/uploads\/2022\/04\/Case-Studies-Featured-Image.jpg","type":"image\/jpeg"}],"twitter_card":"summary_large_image","twitter_site":"@CR_Mining","twitter_misc":{"Est. tempo de leitura":"1 minuto"},"schema":{"@context":"https:\/\/schema.org","@graph":[{"@type":"WebPage","@id":"https:\/\/crmining.com\/pt-br\/estudos-de-caso\/","url":"https:\/\/crmining.com\/pt-br\/estudos-de-caso\/","name":"Explore nossos estudos de caso | CR","isPartOf":{"@id":"https:\/\/crmining.com\/#website"},"primaryImageOfPage":{"@id":"https:\/\/crmining.com\/pt-br\/estudos-de-caso\/#primaryimage"},"image":{"@id":"https:\/\/crmining.com\/pt-br\/estudos-de-caso\/#primaryimage"},"thumbnailUrl":"https:\/\/crmining.com\/wp-content\/uploads\/2022\/04\/Case-Studies-Featured-Image.jpg","datePublished":"2022-02-19T19:19:55+00:00","dateModified":"2022-10-18T17:54:56+00:00","description":"Estamos orgulhosos dos resultados que alcan\u00e7amos para nossos clientes. Navegue por nossos estudos de caso para se inspirar no que poder\u00edamos alcan\u00e7ar juntos.","breadcrumb":{"@id":"https:\/\/crmining.com\/pt-br\/estudos-de-caso\/#breadcrumb"},"inLanguage":"pt-BR","potentialAction":[{"@type":"ReadAction","target":["https:\/\/crmining.com\/pt-br\/estudos-de-caso\/"]}]},{"@type":"ImageObject","inLanguage":"pt-BR","@id":"https:\/\/crmining.com\/pt-br\/estudos-de-caso\/#primaryimage","url":"https:\/\/crmining.com\/wp-content\/uploads\/2022\/04\/Case-Studies-Featured-Image.jpg","contentUrl":"https:\/\/crmining.com\/wp-content\/uploads\/2022\/04\/Case-Studies-Featured-Image.jpg","width":1512,"height":1060},{"@type":"BreadcrumbList","@id":"https:\/\/crmining.com\/pt-br\/estudos-de-caso\/#breadcrumb","itemListElement":[{"@type":"ListItem","position":1,"name":"Home","item":"https:\/\/crmining.com\/pt-br\/"},{"@type":"ListItem","position":2,"name":"Estudos de caso"}]},{"@type":"WebSite","@id":"https:\/\/crmining.com\/#website","url":"https:\/\/crmining.com\/","name":"CR Powered by Epiroc","description":"Mining by Numbers","publisher":{"@id":"https:\/\/crmining.com\/#organization"},"potentialAction":[{"@type":"SearchAction","target":{"@type":"EntryPoint","urlTemplate":"https:\/\/crmining.com\/?s={search_term_string}"},"query-input":{"@type":"PropertyValueSpecification","valueRequired":true,"valueName":"search_term_string"}}],"inLanguage":"pt-BR"},{"@type":"Organization","@id":"https:\/\/crmining.com\/#organization","name":"CR Powered by Epiroc","url":"https:\/\/crmining.com\/","logo":{"@type":"ImageObject","inLanguage":"pt-BR","@id":"https:\/\/crmining.com\/#\/schema\/logo\/image\/","url":"https:\/\/crmining.com\/wp-content\/uploads\/2023\/04\/CR-Powered-by-Epiroc-Logo-Grey-300ppi-4.png","contentUrl":"https:\/\/crmining.com\/wp-content\/uploads\/2023\/04\/CR-Powered-by-Epiroc-Logo-Grey-300ppi-4.png","width":2419,"height":570,"caption":"CR Powered by Epiroc"},"image":{"@id":"https:\/\/crmining.com\/#\/schema\/logo\/image\/"},"sameAs":["https:\/\/www.facebook.com\/CRMining\/","https:\/\/x.com\/CR_Mining","https:\/\/www.instagram.com\/cr_mining\/","https:\/\/www.linkedin.com\/company\/cr\/","https:\/\/www.youtube.com\/channel\/UCjfKJ30hOaUHjww9N-MgEMA"]}]}},"_links":{"self":[{"href":"https:\/\/crmining.com\/pt-br\/wp-json\/wp\/v2\/pages\/9042","targetHints":{"allow":["GET"]}}],"collection":[{"href":"https:\/\/crmining.com\/pt-br\/wp-json\/wp\/v2\/pages"}],"about":[{"href":"https:\/\/crmining.com\/pt-br\/wp-json\/wp\/v2\/types\/page"}],"author":[{"embeddable":true,"href":"https:\/\/crmining.com\/pt-br\/wp-json\/wp\/v2\/users\/1"}],"replies":[{"embeddable":true,"href":"https:\/\/crmining.com\/pt-br\/wp-json\/wp\/v2\/comments?post=9042"}],"version-history":[{"count":0,"href":"https:\/\/crmining.com\/pt-br\/wp-json\/wp\/v2\/pages\/9042\/revisions"}],"wp:featuredmedia":[{"embeddable":true,"href":"https:\/\/crmining.com\/pt-br\/wp-json\/wp\/v2\/media\/9220"}],"wp:attachment":[{"href":"https:\/\/crmining.com\/pt-br\/wp-json\/wp\/v2\/media?parent=9042"}],"curies":[{"name":"wp","href":"https:\/\/api.w.org\/{rel}","templated":true}]}}