{"id":8892,"date":"2022-02-04T03:35:04","date_gmt":"2022-02-03T17:35:04","guid":{"rendered":"https:\/\/crmining.com\/?page_id=8892"},"modified":"2023-12-04T11:01:42","modified_gmt":"2023-12-04T01:01:42","slug":"soporte","status":"publish","type":"page","link":"https:\/\/crmining.com\/es\/soporte\/","title":{"rendered":"Soporte"},"content":{"rendered":"<div class=\"wpb-content-wrapper\"><p>[vc_row css=\u00bb.vc_custom_1643935784176{padding-top: 12% !important;padding-bottom: 12% !important;background-image: url(https:\/\/crmining.com\/wp-content\/uploads\/2022\/02\/Customer-Support-Hero.jpg?id=535) !important;background-position: center !important;background-repeat: no-repeat !important;background-size: cover !important;}\u00bb el_class=\u00bbxt-grid xt-grid xt-white xt-title\u00bb][vc_column width=\u00bb2\/3&#8243;][vc_column_text]<\/p>\n<h1>Soporte mundial, las 24 horas del d\u00eda, los 7 d\u00edas de la semana<\/h1>\n<p>[\/vc_column_text][vc_column_text]Apoyo para operadores, responsables de mantenimiento, supervisores, analistas de datos y directores de operaciones.[\/vc_column_text][\/vc_column][vc_column width=\u00bb1\/3&#8243;][\/vc_column][\/vc_row][vc_row el_class=\u00bbxt-row xt-grid\u00bb css=\u00bb.vc_custom_1643643335529{padding-top: 100px !important;padding-bottom: 80px !important;background-color: #efefef !important;}\u00bb][vc_column][vc_column_text]<\/p>\n<h4>El equipo de soporte remoto y los t\u00e9cnicos de campo de CR Powered by Epiroc est\u00e1n a su disposici\u00f3n para ayudarlo a resolver sus consultas de soporte sobre los productos las 24 horas del d\u00eda.<\/h4>\n<p>[\/vc_column_text][vc_empty_space height=\u00bb60px\u00bb][vc_row_inner equal_height=\u00bbyes\u00bb content_placement=\u00bbtop\u00bb el_class=\u00bbxt-black-link\u00bb][vc_column_inner width=\u00bb1\/2&#8243;][vc_column_text]<\/p>\n<h2>Soporte de Mining<\/h2>\n<p>Hay dos formas de obtener ayuda:<\/p>\n<p><strong>Por tel\u00e9fono<\/strong><\/p>\n<p>EE.\u00a0UU.: <a href=\"tel:+18662764637\"><strong>(<\/strong><\/a>+1) 866 276 4637<br \/>\nAustralia: <a href=\"tel:+611800987525\">(+61) 1800 987 525<\/a><\/p>\n<p><strong>Por correo electr\u00f3nico <\/strong><a href=\"mailto:customerservice@crmining.com\">customerservice@crmining.com<\/a>[\/vc_column_text][vc_empty_space height=\u00bb30px\u00bb][\/vc_column_inner][vc_column_inner width=\u00bb1\/2&#8243;][vc_column_text]<\/p>\n<h2>Soporte de Digital<\/h2>\n<p>Hay tres formas de obtener ayuda:<\/p>\n<p><strong>Por tel\u00e9fono<\/strong><\/p>\n<p>EE.\u00a0UU.: <a href=\"tel:+18008725099\">(<\/a>+1) 800 872 5099<br \/>\nAustralia: <a href=\"tel:1300338482\">(+61) 1300 338 482<\/a><\/p>\n<p><strong>Por correo electr\u00f3nico<\/strong> <a href=\"mailto:support@crdigital.com\">support@crdigital.com<\/a><\/p>\n<p><strong>En l\u00ednea <\/strong>Acceda a nuestro <u><a href=\"https:\/\/cqmsrazer.atlassian.net\/servicedesk\/customer\/user\/login?destination=portals\" target=\"_blank\" rel=\"noopener\"><strong>servicio de atenci\u00f3n al cliente<\/strong><\/a><\/u> para generar su ticket. Podr\u00e1 comprobar el estado de su ticket de soporte desde cualquier dispositivo.[\/vc_column_text][vc_empty_space height=\u00bb60px\u00bb][vc_single_image image=\u00bb6855&#8243; img_size=\u00bbfull\u00bb alignment=\u00bbcenter\u00bb el_class=\u00bbxt-img-200&#8243;][vc_empty_space height=\u00bb30px\u00bb]<div class=\"xt-button-wrap center\"><a class=\" xt-button-style1 xt-button\" href=\"https:\/\/oriondata.crdigital.com\/\" target=\"_blank\" style=\" \">ACCESO AL PORTAL<\/a><\/div>[vc_empty_space height=\u00bb30px\u00bb][\/vc_column_inner][\/vc_row_inner][\/vc_column][\/vc_row]<\/p>\n<\/div>","protected":false},"excerpt":{"rendered":"<p>El equipo de soporte remoto y los t\u00e9cnicos de campo de CR Powered by Epiroc est\u00e1n a su disposici\u00f3n para ayudarlo a resolver sus consultas de soporte sobre los productos las 24 horas del d\u00eda.<\/p>\n","protected":false},"author":1,"featured_media":8129,"parent":0,"menu_order":0,"comment_status":"closed","ping_status":"closed","template":"","meta":{"_acf_changed":false,"_relevanssi_hide_post":"","_relevanssi_hide_content":"","_relevanssi_pin_for_all":"","_relevanssi_pin_keywords":"","_relevanssi_unpin_keywords":"","_relevanssi_related_keywords":"","_relevanssi_related_include_ids":"","_relevanssi_related_exclude_ids":"","_relevanssi_related_no_append":"","_relevanssi_related_not_related":"","_relevanssi_related_posts":"","_relevanssi_noindex_reason":"","inline_featured_image":false,"footnotes":""},"class_list":{"0":"post-8892","1":"page","2":"type-page","3":"status-publish","4":"has-post-thumbnail","6":"no-featured-image-padding"},"acf":[],"yoast_head":"<!-- This site is optimized with the Yoast SEO plugin v26.9 - https:\/\/yoast.com\/product\/yoast-seo-wordpress\/ -->\n<title>Soporte mundial de CR Powered by Epiroc | Obtenga ayuda ahora<\/title>\n<meta name=\"description\" content=\"Nuestro equipo de soporte remoto y los t\u00e9cnicos de campo est\u00e1n a su disposici\u00f3n para ayudarlo a resolver sus consultas de soporte sobre los productos las 24 horas del d\u00eda.\" \/>\n<meta name=\"robots\" content=\"index, follow, max-snippet:-1, max-image-preview:large, max-video-preview:-1\" \/>\n<link rel=\"canonical\" href=\"https:\/\/crmining.com\/es\/soporte\/\" \/>\n<meta property=\"og:locale\" content=\"es_ES\" \/>\n<meta property=\"og:type\" content=\"article\" \/>\n<meta property=\"og:title\" content=\"Soporte mundial de CR Powered by Epiroc | Obtenga ayuda ahora\" \/>\n<meta property=\"og:description\" content=\"Nuestro equipo de soporte remoto y los t\u00e9cnicos de campo est\u00e1n a su disposici\u00f3n para ayudarlo a resolver sus consultas de soporte sobre los productos las 24 horas del d\u00eda.\" \/>\n<meta property=\"og:url\" content=\"https:\/\/crmining.com\/es\/soporte\/\" \/>\n<meta property=\"og:site_name\" content=\"CR Mining\" \/>\n<meta property=\"article:publisher\" content=\"https:\/\/www.facebook.com\/CRMining\/\" \/>\n<meta property=\"article:modified_time\" content=\"2023-12-04T01:01:42+00:00\" \/>\n<meta property=\"og:image\" content=\"https:\/\/crmining.com\/wp-content\/uploads\/2022\/03\/CR-Customer-Support.jpg\" \/>\n\t<meta property=\"og:image:width\" content=\"1512\" \/>\n\t<meta property=\"og:image:height\" content=\"1060\" \/>\n\t<meta property=\"og:image:type\" content=\"image\/jpeg\" \/>\n<meta name=\"twitter:card\" content=\"summary_large_image\" \/>\n<meta name=\"twitter:site\" content=\"@CR_Mining\" \/>\n<meta name=\"twitter:label1\" content=\"Tiempo de lectura\" \/>\n\t<meta name=\"twitter:data1\" content=\"1 minuto\" \/>\n<script type=\"application\/ld+json\" class=\"yoast-schema-graph\">{\"@context\":\"https:\/\/schema.org\",\"@graph\":[{\"@type\":\"WebPage\",\"@id\":\"https:\/\/crmining.com\/es\/soporte\/\",\"url\":\"https:\/\/crmining.com\/es\/soporte\/\",\"name\":\"Soporte mundial de CR Powered by Epiroc | Obtenga ayuda ahora\",\"isPartOf\":{\"@id\":\"https:\/\/crmining.com\/#website\"},\"primaryImageOfPage\":{\"@id\":\"https:\/\/crmining.com\/es\/soporte\/#primaryimage\"},\"image\":{\"@id\":\"https:\/\/crmining.com\/es\/soporte\/#primaryimage\"},\"thumbnailUrl\":\"https:\/\/crmining.com\/wp-content\/uploads\/2022\/03\/CR-Customer-Support.jpg\",\"datePublished\":\"2022-02-03T17:35:04+00:00\",\"dateModified\":\"2023-12-04T01:01:42+00:00\",\"description\":\"Nuestro equipo de soporte remoto y los t\u00e9cnicos de campo est\u00e1n a su disposici\u00f3n para ayudarlo a resolver sus consultas de soporte sobre los productos las 24 horas del d\u00eda.\",\"breadcrumb\":{\"@id\":\"https:\/\/crmining.com\/es\/soporte\/#breadcrumb\"},\"inLanguage\":\"es\",\"potentialAction\":[{\"@type\":\"ReadAction\",\"target\":[\"https:\/\/crmining.com\/es\/soporte\/\"]}]},{\"@type\":\"ImageObject\",\"inLanguage\":\"es\",\"@id\":\"https:\/\/crmining.com\/es\/soporte\/#primaryimage\",\"url\":\"https:\/\/crmining.com\/wp-content\/uploads\/2022\/03\/CR-Customer-Support.jpg\",\"contentUrl\":\"https:\/\/crmining.com\/wp-content\/uploads\/2022\/03\/CR-Customer-Support.jpg\",\"width\":1512,\"height\":1060},{\"@type\":\"BreadcrumbList\",\"@id\":\"https:\/\/crmining.com\/es\/soporte\/#breadcrumb\",\"itemListElement\":[{\"@type\":\"ListItem\",\"position\":1,\"name\":\"Home\",\"item\":\"https:\/\/crmining.com\/es\/\"},{\"@type\":\"ListItem\",\"position\":2,\"name\":\"Soporte\"}]},{\"@type\":\"WebSite\",\"@id\":\"https:\/\/crmining.com\/#website\",\"url\":\"https:\/\/crmining.com\/\",\"name\":\"CR Powered by Epiroc\",\"description\":\"Mining by Numbers\",\"publisher\":{\"@id\":\"https:\/\/crmining.com\/#organization\"},\"potentialAction\":[{\"@type\":\"SearchAction\",\"target\":{\"@type\":\"EntryPoint\",\"urlTemplate\":\"https:\/\/crmining.com\/?s={search_term_string}\"},\"query-input\":{\"@type\":\"PropertyValueSpecification\",\"valueRequired\":true,\"valueName\":\"search_term_string\"}}],\"inLanguage\":\"es\"},{\"@type\":\"Organization\",\"@id\":\"https:\/\/crmining.com\/#organization\",\"name\":\"CR Powered by Epiroc\",\"url\":\"https:\/\/crmining.com\/\",\"logo\":{\"@type\":\"ImageObject\",\"inLanguage\":\"es\",\"@id\":\"https:\/\/crmining.com\/#\/schema\/logo\/image\/\",\"url\":\"https:\/\/crmining.com\/wp-content\/uploads\/2023\/04\/CR-Powered-by-Epiroc-Logo-Grey-300ppi-4.png\",\"contentUrl\":\"https:\/\/crmining.com\/wp-content\/uploads\/2023\/04\/CR-Powered-by-Epiroc-Logo-Grey-300ppi-4.png\",\"width\":2419,\"height\":570,\"caption\":\"CR Powered by Epiroc\"},\"image\":{\"@id\":\"https:\/\/crmining.com\/#\/schema\/logo\/image\/\"},\"sameAs\":[\"https:\/\/www.facebook.com\/CRMining\/\",\"https:\/\/x.com\/CR_Mining\",\"https:\/\/www.instagram.com\/cr_mining\/\",\"https:\/\/www.linkedin.com\/company\/cr\/\",\"https:\/\/www.youtube.com\/channel\/UCjfKJ30hOaUHjww9N-MgEMA\"]}]}<\/script>\n<!-- \/ Yoast SEO plugin. -->","yoast_head_json":{"title":"Soporte mundial de CR Powered by Epiroc | Obtenga ayuda ahora","description":"Nuestro equipo de soporte remoto y los t\u00e9cnicos de campo est\u00e1n a su disposici\u00f3n para ayudarlo a resolver sus consultas de soporte sobre los productos las 24 horas del d\u00eda.","robots":{"index":"index","follow":"follow","max-snippet":"max-snippet:-1","max-image-preview":"max-image-preview:large","max-video-preview":"max-video-preview:-1"},"canonical":"https:\/\/crmining.com\/es\/soporte\/","og_locale":"es_ES","og_type":"article","og_title":"Soporte mundial de CR Powered by Epiroc | Obtenga ayuda ahora","og_description":"Nuestro equipo de soporte remoto y los t\u00e9cnicos de campo est\u00e1n a su disposici\u00f3n para ayudarlo a resolver sus consultas de soporte sobre los productos las 24 horas del d\u00eda.","og_url":"https:\/\/crmining.com\/es\/soporte\/","og_site_name":"CR Mining","article_publisher":"https:\/\/www.facebook.com\/CRMining\/","article_modified_time":"2023-12-04T01:01:42+00:00","og_image":[{"width":1512,"height":1060,"url":"https:\/\/crmining.com\/wp-content\/uploads\/2022\/03\/CR-Customer-Support.jpg","type":"image\/jpeg"}],"twitter_card":"summary_large_image","twitter_site":"@CR_Mining","twitter_misc":{"Tiempo de lectura":"1 minuto"},"schema":{"@context":"https:\/\/schema.org","@graph":[{"@type":"WebPage","@id":"https:\/\/crmining.com\/es\/soporte\/","url":"https:\/\/crmining.com\/es\/soporte\/","name":"Soporte mundial de CR Powered by Epiroc | Obtenga ayuda ahora","isPartOf":{"@id":"https:\/\/crmining.com\/#website"},"primaryImageOfPage":{"@id":"https:\/\/crmining.com\/es\/soporte\/#primaryimage"},"image":{"@id":"https:\/\/crmining.com\/es\/soporte\/#primaryimage"},"thumbnailUrl":"https:\/\/crmining.com\/wp-content\/uploads\/2022\/03\/CR-Customer-Support.jpg","datePublished":"2022-02-03T17:35:04+00:00","dateModified":"2023-12-04T01:01:42+00:00","description":"Nuestro equipo de soporte remoto y los t\u00e9cnicos de campo est\u00e1n a su disposici\u00f3n para ayudarlo a resolver sus consultas de soporte sobre los productos las 24 horas del d\u00eda.","breadcrumb":{"@id":"https:\/\/crmining.com\/es\/soporte\/#breadcrumb"},"inLanguage":"es","potentialAction":[{"@type":"ReadAction","target":["https:\/\/crmining.com\/es\/soporte\/"]}]},{"@type":"ImageObject","inLanguage":"es","@id":"https:\/\/crmining.com\/es\/soporte\/#primaryimage","url":"https:\/\/crmining.com\/wp-content\/uploads\/2022\/03\/CR-Customer-Support.jpg","contentUrl":"https:\/\/crmining.com\/wp-content\/uploads\/2022\/03\/CR-Customer-Support.jpg","width":1512,"height":1060},{"@type":"BreadcrumbList","@id":"https:\/\/crmining.com\/es\/soporte\/#breadcrumb","itemListElement":[{"@type":"ListItem","position":1,"name":"Home","item":"https:\/\/crmining.com\/es\/"},{"@type":"ListItem","position":2,"name":"Soporte"}]},{"@type":"WebSite","@id":"https:\/\/crmining.com\/#website","url":"https:\/\/crmining.com\/","name":"CR Powered by Epiroc","description":"Mining by Numbers","publisher":{"@id":"https:\/\/crmining.com\/#organization"},"potentialAction":[{"@type":"SearchAction","target":{"@type":"EntryPoint","urlTemplate":"https:\/\/crmining.com\/?s={search_term_string}"},"query-input":{"@type":"PropertyValueSpecification","valueRequired":true,"valueName":"search_term_string"}}],"inLanguage":"es"},{"@type":"Organization","@id":"https:\/\/crmining.com\/#organization","name":"CR Powered by Epiroc","url":"https:\/\/crmining.com\/","logo":{"@type":"ImageObject","inLanguage":"es","@id":"https:\/\/crmining.com\/#\/schema\/logo\/image\/","url":"https:\/\/crmining.com\/wp-content\/uploads\/2023\/04\/CR-Powered-by-Epiroc-Logo-Grey-300ppi-4.png","contentUrl":"https:\/\/crmining.com\/wp-content\/uploads\/2023\/04\/CR-Powered-by-Epiroc-Logo-Grey-300ppi-4.png","width":2419,"height":570,"caption":"CR Powered by Epiroc"},"image":{"@id":"https:\/\/crmining.com\/#\/schema\/logo\/image\/"},"sameAs":["https:\/\/www.facebook.com\/CRMining\/","https:\/\/x.com\/CR_Mining","https:\/\/www.instagram.com\/cr_mining\/","https:\/\/www.linkedin.com\/company\/cr\/","https:\/\/www.youtube.com\/channel\/UCjfKJ30hOaUHjww9N-MgEMA"]}]}},"_links":{"self":[{"href":"https:\/\/crmining.com\/es\/wp-json\/wp\/v2\/pages\/8892","targetHints":{"allow":["GET"]}}],"collection":[{"href":"https:\/\/crmining.com\/es\/wp-json\/wp\/v2\/pages"}],"about":[{"href":"https:\/\/crmining.com\/es\/wp-json\/wp\/v2\/types\/page"}],"author":[{"embeddable":true,"href":"https:\/\/crmining.com\/es\/wp-json\/wp\/v2\/users\/1"}],"replies":[{"embeddable":true,"href":"https:\/\/crmining.com\/es\/wp-json\/wp\/v2\/comments?post=8892"}],"version-history":[{"count":0,"href":"https:\/\/crmining.com\/es\/wp-json\/wp\/v2\/pages\/8892\/revisions"}],"wp:featuredmedia":[{"embeddable":true,"href":"https:\/\/crmining.com\/es\/wp-json\/wp\/v2\/media\/8129"}],"wp:attachment":[{"href":"https:\/\/crmining.com\/es\/wp-json\/wp\/v2\/media?parent=8892"}],"curies":[{"name":"wp","href":"https:\/\/api.w.org\/{rel}","templated":true}]}}